{"id":2,"date":"2015-10-03T09:32:14","date_gmt":"2015-10-03T07:32:14","guid":{"rendered":"http:\/\/192.168.1.112\/amerona\/?page_id=2"},"modified":"2024-12-20T20:53:16","modified_gmt":"2024-12-20T19:53:16","slug":"data","status":"publish","type":"page","link":"https:\/\/blogg.synology.me\/amerona\/data\/","title":{"rendered":"Linjett 35 &#8211; data"},"content":{"rendered":"<h3><img loading=\"lazy\" decoding=\"async\" class=\"alignnone size-full wp-image-4770\" src=\"http:\/\/blogg.synology.me\/amerona\/wp-content\/uploads\/IMG_0255.jpg\" alt=\"\" width=\"500\" height=\"178\" srcset=\"https:\/\/blogg.synology.me\/amerona\/wp-content\/uploads\/IMG_0255.jpg 500w, https:\/\/blogg.synology.me\/amerona\/wp-content\/uploads\/IMG_0255-300x107.jpg 300w\" sizes=\"auto, (max-width: 500px) 100vw, 500px\" \/><\/h3>\n<h3>H\u00e4r f\u00f6ljer lite data om Linjett 35<br \/>\n<em>Amerona<\/em><\/h3>\n<h3><\/h3>\n<h4><strong>M\u00e5tt mm<\/strong><\/h4>\n<table style=\"width: 72.0559%; height: 259px;\">\n<tbody>\n<tr>\n<td style=\"width: 30.2629%;\">L\u00e4ngd<\/td>\n<td style=\"width: 137.594%;\">10,80 m<\/td>\n<\/tr>\n<tr>\n<td style=\"width: 30.2629%;\">L\u00e4ngd vl<\/td>\n<td style=\"width: 137.594%;\">\u00a08,67<\/td>\n<\/tr>\n<tr>\n<td style=\"width: 30.2629%;\">Bredd<\/td>\n<td style=\"width: 137.594%;\">3,34 m<\/td>\n<\/tr>\n<tr>\n<td style=\"width: 30.2629%;\">Djup<\/td>\n<td style=\"width: 137.594%;\">1,77 m<\/td>\n<\/tr>\n<tr>\n<td style=\"width: 30.2629%;\">Masth\u00f6jd<\/td>\n<td style=\"width: 137.594%;\">16,7 m<\/td>\n<\/tr>\n<tr>\n<td style=\"width: 30.2629%;\">Vikt<\/td>\n<td style=\"width: 137.594%;\">\u00a05,5 t<\/td>\n<\/tr>\n<tr>\n<td style=\"width: 30.2629%;\">K\u00f6l<\/td>\n<td style=\"width: 137.594%;\">2,29t bly med kj\u00f6lskydd fr\u00e5n Svenska Koster<\/td>\n<\/tr>\n<tr>\n<td style=\"width: 30.2629%;\">D\u00e4ck<\/td>\n<td style=\"width: 137.594%;\">Teak. Renoverat 2020 om-n\u00e5tat, pluggar bytta, slipat.<\/td>\n<\/tr>\n<tr>\n<td style=\"width: 30.2629%;\">Motor 2021<\/td>\n<td style=\"width: 137.594%;\">Lombardini (Kohler)<br \/>\nLDW 1003 27 Hk<\/td>\n<\/tr>\n<tr>\n<td style=\"width: 30.2629%;\">Drev 2021<\/td>\n<td style=\"width: 137.594%;\">Lombardini SD<\/td>\n<\/tr>\n<tr>\n<td style=\"width: 30.2629%;\">Propeller 2021<\/td>\n<td style=\"width: 137.594%;\">Flexofold 15&#215;10\u201d 2-bladig<\/td>\n<\/tr>\n<tr>\n<td style=\"width: 30.2629%;\">Ankare bak<\/td>\n<td style=\"width: 137.594%;\">Bruce 12kg RF, 60m band<br \/>\nAnchormatic m fj\u00e4rrkontroll<br \/>\nAnkard\u00e4vert Ros\u00e4ttra original<\/td>\n<\/tr>\n<tr>\n<td style=\"width: 30.2629%;\">Ankare fram<\/td>\n<td style=\"width: 137.594%;\">Delta RF 15kg 40m k\u00e4tting 8mm + 15m lina 14mm<br \/>\nLewmar HX1 ankarspel m. fj\u00e4rrkontroll och fotkontakter<\/td>\n<\/tr>\n<\/tbody>\n<\/table>\n<p>&nbsp;<\/p>\n<h4><strong>Segel<\/strong><\/h4>\n<table style=\"width: 49.8225%; height: 259px;\">\n<tbody>\n<tr>\n<td style=\"width: 90.5844%;\"><strong>Stor<\/strong><\/p>\n<ul>\n<li>Boding TFT Kolfiber -2018<\/li>\n<li>Boding G2 membran kolfiber -23<\/li>\n<\/ul>\n<\/td>\n<td style=\"width: 25.3776%;\">33,5 m\u00b2<\/td>\n<\/tr>\n<tr>\n<td style=\"width: 90.5844%;\"><strong>Sj\u00e4lvsl\u00e5ende fock<\/strong><\/p>\n<ul>\n<li>Boding TFT kolfiber -2019<\/li>\n<li>Boding G2 membran kolfiber, sent -2022<\/li>\n<\/ul>\n<\/td>\n<td style=\"width: 25.3776%;\">20 m\u00b2\u200b<\/td>\n<\/tr>\n<tr>\n<td style=\"width: 90.5844%;\"><strong>Genua<br \/>\n<\/strong>Rebellsegel -91 dacron<\/td>\n<td style=\"width: 25.3776%;\">35,5\u00a0m\u00b2<\/td>\n<\/tr>\n<tr>\n<td style=\"width: 90.5844%;\"><strong>Spinnaker<\/strong><br \/>\nBoding tri-rad.<\/td>\n<td style=\"width: 25.3776%;\">71 m\u00b2<\/td>\n<\/tr>\n<tr>\n<td style=\"width: 90.5844%;\"><strong>Code-1<\/strong><br \/>\nm Karver-rulle Boding Tri-rad<\/td>\n<td style=\"width: 25.3776%;\">45 m\u00b2<\/td>\n<\/tr>\n<tr>\n<td style=\"width: 90.5844%;\"><strong>106% fock<\/strong><br \/>\nUK X-drive kol<\/td>\n<td style=\"width: 25.3776%;\">24 m\u00b2<\/td>\n<\/tr>\n<tr>\n<td style=\"width: 90.5844%;\">Ankarsegel UK orange<\/td>\n<td style=\"width: 25.3776%;\">4 m\u00b2<\/td>\n<\/tr>\n<tr>\n<td style=\"width: 90.5844%;\">Rulle Furlex 204S 7mm f\u00f6rstag<\/td>\n<td style=\"width: 25.3776%;\"><\/td>\n<\/tr>\n<tr>\n<td style=\"width: 90.5844%;\">St\u00e5ende rigg Dyform 6mm o vantskruv i brons<\/td>\n<td style=\"width: 25.3776%;\"><\/td>\n<\/tr>\n<\/tbody>\n<\/table>\n<h4><strong>\u00d6vrigt<\/strong><\/h4>\n<table style=\"border-collapse: collapse; width: 89.9441%;\">\n<tbody>\n<tr>\n<td style=\"width: 18.1564%;\">Septictank<\/td>\n<td style=\"width: 71.7877%;\">48 liter m Gobius tankvarning<\/td>\n<\/tr>\n<tr>\n<td style=\"width: 18.1564%;\">Br\u00e4nsletank<\/td>\n<td style=\"width: 71.7877%;\">70 liter \/ 65 liter anv\u00e4ndbart<br \/>\n5l under stigarr\u00f6r<\/td>\n<\/tr>\n<tr>\n<td style=\"width: 18.1564%;\">Vattentank<\/td>\n<td style=\"width: 71.7877%;\">175 liter<\/td>\n<\/tr>\n<tr>\n<td style=\"width: 18.1564%;\">Batterier<\/td>\n<td style=\"width: 71.7877%;\">400Ah LiFePo4 -2022&amp;2024 med Smart 123 BT BMS<br \/>\n80Ah Bly start<br \/>\n24Ah Gel f\u00f6r instrument<\/td>\n<\/tr>\n<tr>\n<td style=\"width: 18.1564%;\">Laddning<\/td>\n<td style=\"width: 71.7877%;\">\n<ul>\n<li>80W sunbean stolpe<\/li>\n<li>80W sunbeam l\u00f6s<\/li>\n<li>37W sunbeam tough luckgarage<\/li>\n<li>Victron 12\/15A solregulator BT<\/li>\n<li>120A generator<\/li>\n<li>Victron Orion XS DC\/DC 12\/50 BT<\/li>\n<li>Victron Orion DC\/DC 12\/30 BT<\/li>\n<li>Victron 12\/25 landstr\u00f6msladdare BT<\/li>\n<li>Victron Orion DC\/DC 12\/18 till batteri f\u00f6r instrument BT<\/li>\n<li>Victron Batterimonitor\/schunt BMV 712 BT<\/li>\n<\/ul>\n<\/td>\n<\/tr>\n<tr>\n<td style=\"width: 18.1564%;\">Kyl<\/td>\n<td style=\"width: 71.7877%;\">Isotherm SP med SEC och oval f\u00f6r\u00e5ngare i mellanstorlek -2024<\/td>\n<\/tr>\n<\/tbody>\n<\/table>\n<p>&nbsp;<\/p>\n","protected":false},"excerpt":{"rendered":"<p>H\u00e4r f\u00f6ljer lite data om Linjett 35 Amerona M\u00e5tt mm L\u00e4ngd 10,80 m L\u00e4ngd vl \u00a08,67 Bredd 3,34 m Djup 1,77 m Masth\u00f6jd 16,7 m Vikt \u00a05,5 t K\u00f6l 2,29t bly med kj\u00f6lskydd fr\u00e5n Svenska Koster D\u00e4ck Teak. Renoverat 2020 om-n\u00e5tat, pluggar bytta, slipat. Motor 2021 Lombardini (Kohler) LDW 1003 27 Hk Drev 2021 Lombardini SD Propeller 2021 Flexofold 15&#215;10\u201d 2-bladig Ankare bak Bruce 12kg RF, 60m band Anchormatic m fj\u00e4rrkontroll Ankard\u00e4vert Ros\u00e4ttra original Ankare fram Delta RF 15kg 40m k\u00e4tting 8mm + 15m lina 14mm Lewmar HX1 ankarspel m. fj\u00e4rrkontroll och fotkontakter &nbsp; Segel Stor Boding TFT Kolfiber -2018 <a class=\"more-link\" href=\"https:\/\/blogg.synology.me\/amerona\/data\/\">Forts\u00e4tt l\u00e4sa <span class=\"screen-reader-text\">  Linjett 35 &#8211; data<\/span><span class=\"meta-nav\">&rarr;<\/span><\/a><\/p>\n","protected":false},"author":1,"featured_media":0,"parent":0,"menu_order":0,"comment_status":"closed","ping_status":"open","template":"page-disable-sidebar.php","meta":{"footnotes":""},"class_list":["post-2","page","type-page","status-publish","hentry"],"jetpack_sharing_enabled":true,"_links":{"self":[{"href":"https:\/\/blogg.synology.me\/amerona\/wp-json\/wp\/v2\/pages\/2","targetHints":{"allow":["GET"]}}],"collection":[{"href":"https:\/\/blogg.synology.me\/amerona\/wp-json\/wp\/v2\/pages"}],"about":[{"href":"https:\/\/blogg.synology.me\/amerona\/wp-json\/wp\/v2\/types\/page"}],"author":[{"embeddable":true,"href":"https:\/\/blogg.synology.me\/amerona\/wp-json\/wp\/v2\/users\/1"}],"replies":[{"embeddable":true,"href":"https:\/\/blogg.synology.me\/amerona\/wp-json\/wp\/v2\/comments?post=2"}],"version-history":[{"count":43,"href":"https:\/\/blogg.synology.me\/amerona\/wp-json\/wp\/v2\/pages\/2\/revisions"}],"predecessor-version":[{"id":22565,"href":"https:\/\/blogg.synology.me\/amerona\/wp-json\/wp\/v2\/pages\/2\/revisions\/22565"}],"wp:attachment":[{"href":"https:\/\/blogg.synology.me\/amerona\/wp-json\/wp\/v2\/media?parent=2"}],"curies":[{"name":"wp","href":"https:\/\/api.w.org\/{rel}","templated":true}]}}