{"id":20481,"date":"2021-10-05T09:46:08","date_gmt":"2021-10-05T07:46:08","guid":{"rendered":"http:\/\/amerona.synology.me\/amerona\/?page_id=20481"},"modified":"2025-04-15T21:19:00","modified_gmt":"2025-04-15T19:19:00","slug":"info","status":"publish","type":"page","link":"https:\/\/blogg.synology.me\/amerona\/info\/","title":{"rendered":"Info"},"content":{"rendered":"\r\n<p>Amerona \u00e4r en Linjett 35 som \u00e4r byggd 1991. SWE 23<\/p>\r\n\r\n\r\n\r\n<p>Bloggen handlar om v\u00e5ra seglingar och en del teknik, upprustningar och f\u00f6rb\u00e4ttringar.<\/p>\r\n\r\n\r\n\r\n<p>Vi som seglar, meckar och skriver \u00e4r tv\u00e5 60+;are.<br \/>Jag, Reidar, som \u00e4r uppvuxen med b\u00e5tar p\u00e5 M\u00e4laren och byggde min f\u00f6rsta b\u00e5t med pappa som 10-\u00e5ring och Ewa som aldrig seglat f\u00f6rr\u00e4n hon tr\u00e4ffade mig 2008.<\/p>\r\n\r\n\r\n\r\n<p>Trevlig l\u00e4sning!<\/p>\r\n\r\n\r\n\r\n<p><a href=\"https:\/\/www.instagram.com\/amerona_linjett35\/\" target=\"_blank\" rel=\"noreferrer noopener\">F\u00f6lj Amerona p\u00e5 Instagram<\/a><\/p>\r\n\r\n\r\n\r\n<p><a href=\"https:\/\/www.linjett.se\/\" target=\"_blank\" rel=\"noreferrer noopener\">Kolla alla systerb\u00e5tar fr\u00e5n Ros\u00e4ttra<\/a><\/p>\r\n\r\n\r\n\r\n<p><a href=\"https:\/\/www.sjoraddning.se\/stod-oss\" target=\"_blank\" rel=\"noreferrer noopener\">St\u00f6d Sj\u00f6r\u00e4ddningen<\/a><\/p>\r\n","protected":false},"excerpt":{"rendered":"<p>Amerona \u00e4r en Linjett 35 som \u00e4r byggd 1991. SWE 23 Bloggen handlar om v\u00e5ra seglingar och en del teknik, upprustningar och f\u00f6rb\u00e4ttringar. Vi som seglar, meckar och skriver \u00e4r tv\u00e5 60+;are.Jag, Reidar, som \u00e4r uppvuxen med b\u00e5tar p\u00e5 M\u00e4laren och byggde min f\u00f6rsta b\u00e5t med pappa som 10-\u00e5ring och Ewa som aldrig seglat f\u00f6rr\u00e4n hon tr\u00e4ffade mig 2008. Trevlig l\u00e4sning! F\u00f6lj Amerona p\u00e5 Instagram Kolla alla systerb\u00e5tar fr\u00e5n Ros\u00e4ttra St\u00f6d Sj\u00f6r\u00e4ddningen<\/p>\n","protected":false},"author":1,"featured_media":0,"parent":0,"menu_order":0,"comment_status":"closed","ping_status":"closed","template":"","meta":{"footnotes":""},"class_list":["post-20481","page","type-page","status-publish","hentry"],"jetpack_sharing_enabled":true,"_links":{"self":[{"href":"https:\/\/blogg.synology.me\/amerona\/wp-json\/wp\/v2\/pages\/20481","targetHints":{"allow":["GET"]}}],"collection":[{"href":"https:\/\/blogg.synology.me\/amerona\/wp-json\/wp\/v2\/pages"}],"about":[{"href":"https:\/\/blogg.synology.me\/amerona\/wp-json\/wp\/v2\/types\/page"}],"author":[{"embeddable":true,"href":"https:\/\/blogg.synology.me\/amerona\/wp-json\/wp\/v2\/users\/1"}],"replies":[{"embeddable":true,"href":"https:\/\/blogg.synology.me\/amerona\/wp-json\/wp\/v2\/comments?post=20481"}],"version-history":[{"count":2,"href":"https:\/\/blogg.synology.me\/amerona\/wp-json\/wp\/v2\/pages\/20481\/revisions"}],"predecessor-version":[{"id":22618,"href":"https:\/\/blogg.synology.me\/amerona\/wp-json\/wp\/v2\/pages\/20481\/revisions\/22618"}],"wp:attachment":[{"href":"https:\/\/blogg.synology.me\/amerona\/wp-json\/wp\/v2\/media?parent=20481"}],"curies":[{"name":"wp","href":"https:\/\/api.w.org\/{rel}","templated":true}]}}