{"id":2901,"date":"2014-11-21T22:47:57","date_gmt":"2014-11-21T20:47:57","guid":{"rendered":"http:\/\/cavellarb111.wordpress.com\/?page_id=2901"},"modified":"2025-02-12T14:28:02","modified_gmt":"2025-02-12T13:28:02","slug":"uppdateringar-och-forbattringar","status":"publish","type":"page","link":"https:\/\/blogg.synology.me\/cavella\/uppdateringar-och-forbattringar\/","title":{"rendered":"Uppdateringar och f\u00f6rb\u00e4ttringar"},"content":{"rendered":"<p>H\u00e4r \u00e4r en lista \u00f6ver alla f\u00f6rb\u00e4ttringar\/f\u00f6r\u00e4ndringar som gjorts under de \u00e5r som jag \u00e4gt b\u00e5ten<\/p>\n<h2>2015<\/h2>\n<ul>\n<li>Ny stereo Fusion RA50<\/li>\n<li>Ny motor med drev. Lombardini LDW1003 med en del tillbeh\u00f6r<\/li>\n<li>Ny propeller Flexofold 15&#215;10<\/li>\n<li>Byte av Nexus-instrument Vind &amp; Sea Data (gamla instrumenten hade d\u00e5ligt glas)<\/li>\n<li>Service av v\u00e4rmaren. Nytt &#8221;n\u00e4t&#8221; vid gl\u00f6dstiftet + sotning och reng\u00f6ring av br\u00e4nslefilter<\/li>\n<li><span style=\"line-height: 1.3em;\">Automatisk elektrisk l\u00e4nspump Rule. (Inget bra val)<\/span><\/li>\n<li>Skiljerel\u00e4 BEP (Hjertmans)<\/li>\n<li>Startbatteri 40Ah (Har inte haft n\u00e5got tidigare)<\/li>\n<li>N\u00e5got uppdaterat elsystem i motorrummet, s\u00e4kringsdosa mm.<\/li>\n<li>Fortsatt utbyte av vattenslangar till PEX-r\u00f6r.<\/li>\n<li>Byte av slang till manuella l\u00e4nspumpen.<\/li>\n<\/ul>\n<h2>2014<\/h2>\n<ul>\n<li>Ny El-toalett med kvarn Sanimarin 31<\/li>\n<li>Ny ekolodsgivare Airmar DST800 (logg,lod,temp) garanti fr\u00e5n Garmin<\/li>\n<li>Ny plotter Garmin 1020<\/li>\n<li>Garmin GND10 &#8221;Black Box&#8221; interface mellan Garmin-Nexus<\/li>\n<li>Byte av loggivare (f\u00f6ljde med paketet med ny Server 2013)<\/li>\n<li>Tr\u00e5dl\u00f6s fj\u00e4rrkontroll till Autopiloten<\/li>\n<li>Ny b\u00e4nkskiva och blandare p\u00e5 toaletten<\/li>\n<li>Tv\u00e5 nya kranar och <a title=\"TruDesign\" href=\"http:\/\/www.trudesignplastics.com\/products\" target=\"_blank\" rel=\"noopener\">bottengenomf\u00f6ringar i komposite.<\/a>Vattenintaget flyttat till k\u00f6lsvinet.<\/li>\n<li>Extra vattentank i RF &#8211; 51l<\/li>\n<li>M\u00e5lat i n\u00e5gra stuvfack<\/li>\n<\/ul>\n<h2>2013<\/h2>\n<ul>\n<li>Byte av elpatron i V.V-beredaren. Ny montering under stickkoj.<\/li>\n<li>Ny Nexus Server och Multiinstrumentet. Den gamla pajade.<\/li>\n<li>Augusti. Nytt storsegel i kolfiber. Boding G2 membran.<\/li>\n<li>Nytt USB-uttag f\u00f6r laddning av telefoner och surfplattor, 3,1A<\/li>\n<li>Ny solpanel 50W p\u00e5 ny Noa-stolpe i akterpulpit<\/li>\n<li>Ny flagga och flaggk\u00e4pp<\/li>\n<li>Ny Selden spinnakerbom<\/li>\n<li>Nytt sittbrunnskapell med l\u00f6stagbara b\u00e5gar<\/li>\n<li>Nya avlastare fr\u00e5n Lewmar<\/li>\n<li>Nytt innertak i hela b\u00e5ten.<\/li>\n<li>Ny spinnaker fr\u00e5n Boding<\/li>\n<li>Ett extra element med fl\u00e4kt till vattenburna v\u00e4rmen. Sitter i framkant p\u00e5 SB stick-koj.<\/li>\n<li>Fixat l\u00e4ckan p\u00e5 vattenburna-v\u00e4rmen, plus b\u00e4ttre avluftning.<\/li>\n<li>Flyttat batterierna (igen) till under SB salongs-soffa. B\u00e5ten var lite baktung innan<\/li>\n<\/ul>\n<h2>2012<\/h2>\n<ul>\n<li>Ny 106% fock i kolfiber. Boding G2 membran<\/li>\n<li>Uppdaterat sj\u00f6kort i plottern. Finska viken utbytt till EU712. Hela ostkusten + Finska viken<\/li>\n<li>Ny 16&#8243; LED-TV<\/li>\n<li>Ny 45w solpanel ersatte gla. 18w p\u00e5 luckgaraget<\/li>\n<li>Nytt roderlager p\u00e5 akterd\u00e4ck<\/li>\n<li>Ny sprayhood<\/li>\n<li>Nya batterier 4 x 80 Ah Gel<\/li>\n<li>Nytt fastare skumgummi i f\u00f6rpiksdynorna med fuktsp\u00e4rr<\/li>\n<li>Ny formsydd b\u00e4ddmadras till f\u00f6rpiken<\/li>\n<li>M\u00e5lat n\u00e5gra stuvfack och garderober<\/li>\n<li>Extra spottar i salongstaket<\/li>\n<li>Ny teakram runt f\u00f6rd\u00e4cksluckan i innertaket<\/li>\n<li>Fernissat durkar inne<\/li>\n<\/ul>\n<h2>2011<\/h2>\n<ul>\n<li>Duschblandare till sittbrunnen<\/li>\n<li>Nya motorkuddar under motorn<\/li>\n<li>Uppdaterat sj\u00f6kort f\u00f6r plottern EU711L<\/li>\n<li>Nya kranar i pentryt. Blandare<\/li>\n<li>Ny F\u00f6rd\u00e4ckslucka Lewmar<\/li>\n<li>Nytt bordsf\u00e4ste i salongen<\/li>\n<li>Ny hylla f\u00f6r 2kg gasoltub i ankarboxen<\/li>\n<li>Nytt storsegelkapell<\/li>\n<li>Ny (begagnad men just) foldingproppeller 15X11<\/li>\n<li>Alde Elpatron till v\u00e4rmeelement med termostat f\u00f6r dag\/natt-temperatur<\/li>\n<li>Toat\u00f6mmning via d\u00e4ck och flyttad vattenp\u00e5fyllning<\/li>\n<li>Batterierna flyttade fr\u00e5n salong till under stick-kojerna<\/li>\n<li>Flyttat br\u00e4nslefiltret till framkant motor<\/li>\n<li>Nya toppvant och undervant Dyformvire 7mm + nya vantskruvar i brons<\/li>\n<li>Ny Autopilot Raymarine SPX 5<\/li>\n<li>f\u00f6rb\u00e4ttrad landstr\u00f6mscentral<\/li>\n<\/ul>\n<h2>2010<\/h2>\n<ul>\n<li>Ny elektrisk F\u00e4rskvattenpump<\/li>\n<li>Ny Varmvattenberedare Isotemp<\/li>\n<li>Nytt f\u00f6rsegelkapell bl\u00e5tt<\/li>\n<li>Ny elektronisk termostat\/reglage till v\u00e4rmaren<\/li>\n<li>Gasol-avst\u00e4ngning elektrisk fj\u00e4rrman\u00f6vrerad &amp; ny reduceringsventilventil<\/li>\n<li>2 st Andersen 40ST<\/li>\n<li>2 st Andersen 28ST<\/li>\n<li>Nya vatten och br\u00e4nsletank-instrument och givare<\/li>\n<li>Ankarvinda monterad p\u00e5 aktre pulpit<\/li>\n<li>Ankrlina 50m<\/li>\n<li>Nytt rev till storen med tv\u00e5 avlastare f\u00f6r mastliket<\/li>\n<li>H\u00f6sten 2010-Ny Fock sj\u00e4lvsl\u00e5ende. UK Tapedrive Kolfiber<\/li>\n<li>Garmin Sj\u00f6kort \u00f6ver Finland (Beg fr\u00e5n 2009)<\/li>\n<li>Nya br\u00e4nsle-slangar till motorn och tank<\/li>\n<li>Ny toalettslang<\/li>\n<li>Nya Rutgerson brytblock p\u00e5 rufftaket<\/li>\n<li>TV Antenn p\u00e5 stolpe i aktern<\/li>\n<li>Noa-F\u00e4sten till antennstolpe mm<\/li>\n<\/ul>\n<h2>2009<\/h2>\n<ul>\n<li>Topplock renoverat fr\u00e5n Sj\u00f6bergs Marine<\/li>\n<li>Varmvattenberedare (Inte s\u00e5 bra. Utbytt 2010)<\/li>\n<li>Garmin 2010C Plotter<\/li>\n<li>Nya durkar i salongen. Vit koto.<\/li>\n<li>Ny Br\u00e4nslefilter-h\u00e5llare med vattenavskiljare<\/li>\n<li>Spotlight i salongen (Senare f\u00f6rsedda med LED-lampor)<\/li>\n<\/ul>\n<h2>2008<\/h2>\n<ul>\n<li>Lowrance plotter 7200 (Senare utbytt till Garmin)<\/li>\n<li>Nya dynor i f\u00f6rpiken<\/li>\n<li>Nya h\u00f6gtalare till sittbrunnen<\/li>\n<li>Nya Harken-block till fockskotningen<\/li>\n<li>Ny Rutgerson ledvagn till fock-skenan<\/li>\n<li>Ny motorhuv i teak<\/li>\n<li>Nytt storsegel UK Tapedrive S-glas<\/li>\n<\/ul>\n<h2>2007<\/h2>\n<ul>\n<li>Nya dynor i salong och stickkojer<\/li>\n<li>Ny tryckvattenpump f\u00f6r sj\u00f6vatten<\/li>\n<li>Ny termometer till kylen<\/li>\n<li>Ny stereo med MP3 och RDS<\/li>\n<li>Ny pentrykran f\u00f6r sj\u00f6vatten p\u00e5 toaletten<\/li>\n<li>Ny lanterna p\u00e5 masten<\/li>\n<li>Ny batteriladdare Cetek 25A<\/li>\n<li>Ny Genua1 UK Sywersen Tapedrive<\/li>\n<li>Rullsystem Fulex 200S<\/li>\n<li>F\u00f6rsegelkapell<\/li>\n<\/ul>\n<h2>2006<\/h2>\n<ul>\n<li>Teakgarnering i stickkojer<\/li>\n<li>Spinackerstrumpa (50-\u00e5rs present :-))<\/li>\n<li>Rostfritt bruceankare med rostfri k\u00e4tting<\/li>\n<li>Nya suggor med skotr\u00e5ttor<\/li>\n<li>Nya roderlager (funkade inte) byte till renoverade gamla lager<\/li>\n<li>Nya batterier Gel 4X70Ah + 2x45Ah<\/li>\n<li>Ny v\u00e4rmare Ebersp\u00e4cher D4 Airtronic<\/li>\n<li>Ny bekl\u00e4dnadsmatta i stickkojer<\/li>\n<li>Hylla vid SB stickkoj<\/li>\n<li>Flyttat gasoltuber och ny gasledning till ankarboxen<\/li>\n<li>Bytt gasoltub till PK6 + 2012 i reserv<\/li>\n<li>Ny solpanel 33W med Max-Power regulator<\/li>\n<\/ul>\n<h2>2005<\/h2>\n<ul>\n<li>Tr\u00e4garnering i f\u00f6rpik (Alm f\u00f6r att f\u00e5 ljusare)<\/li>\n<li>Teaklister i innertak<\/li>\n<li>Renoverat och ombyggt s\u00f6tvattenkylning<\/li>\n<li>Nytt utkast till avgasr\u00f6r p\u00e5 SB-sidan<\/li>\n<li>Nytt storfall dynema<\/li>\n<li>Nytt fockfall + lift i dynema<\/li>\n<li>Nya mant\u00e5gsband<\/li>\n<li>Nya b\u00e4nkskivor i pentryt<\/li>\n<li>Ny motorrumsisolering<\/li>\n<li>Ny gasolspis med ugn och piezot\u00e4ndning<\/li>\n<li>F\u00f6rb\u00e4ttrad ventilation med intag under kylen<\/li>\n<\/ul>\n<h2>2004<\/h2>\n<ul>\n<li>Vattenfilter-kolfilter till f\u00e4rskvatten (Senare borttaget)<\/li>\n<li>Teak i sittbrunnen och p\u00e5 skarnd\u00e4ck<\/li>\n<li>Nyt storskotstalja med kullagrade block<\/li>\n<li>Nya f\u00f6nster med riktig ram Ros\u00e4tra Linjett 35<\/li>\n<li>Ny toalett<\/li>\n<li>Ny teakkonsoll f\u00f6r stereo och VHF<\/li>\n<li>M\u00e5lat n\u00e5gra stuvfack<\/li>\n<li>Landstr\u00f6mscentral med eluttag i salongen<\/li>\n<li>Icom VHF med masttoppsantenn och FM-filter<\/li>\n<li>Varvr\u00e4knare till motorn<\/li>\n<li>Nya propellerblad med st\u00f6rre stigning<\/li>\n<li>Vattenfilter till sj\u00f6vatten<\/li>\n<li>Vattenfilter till sj\u00f6vatten motor Vetus<\/li>\n<li>Delvis uppdaterat elsystem<\/li>\n<\/ul>\n<h2>2003<\/h2>\n<ul>\n<li>Teaktrall till sittbrunnsdurken<\/li>\n<li>Taklucka i f\u00f6rpik<\/li>\n<li>Sj\u00e4lvsl\u00e5ende fock sandwichmylar triradial Royal Sails (s\u00e5ld)<\/li>\n<li>Spirbom till focken<\/li>\n<li>Sittbrunns t\u00e4lt med lattor (Egen konstruktion och s\u00f6mnad)<\/li>\n<li>Renoverat topplock och spridare (Senare utbytt mot fabriksrenoverat)<\/li>\n<li>Nya dekortaper + nya bokst\u00e4ver till namnet<\/li>\n<li>Ny storskotsskena med travare<\/li>\n<li>Ny storskotsskena med travare<\/li>\n<li>Ny GPS Garmin 152 (Senare utbytt mot plotter)<\/li>\n<li>F\u00f6nster i stickkojerna<\/li>\n<li>Fotsteg i teak p\u00e5 r\u00e4ddningsstegen<\/li>\n<li>Fotogenlampa i ruffen<\/li>\n<li>Nytt sittbrunnsbord med ben<\/li>\n<\/ul>\n<h2>2002<\/h2>\n<ul>\n<li>Tryckvattenpump f\u00f6r f\u00e4rskvatten<\/li>\n<li>Taklucka i salong<\/li>\n<li>Sj\u00e4lvsl\u00e5ende fockskena<\/li>\n<li>Sj\u00e4lvsl\u00e5ende fock Gransegel Omega34 begagnad (senare utbytt till ny)<\/li>\n<li>Renoverade brytblock p\u00e5 rufftak<\/li>\n<li>Nytt snabbrev till storen (Senare \u00e4ndrat till tv linor)<\/li>\n<li>Nytt handfat och b\u00e4nkskiva p\u00e5 toalett<\/li>\n<li>Nya lamph\u00e5llare\/lampor f\u00f6r halogenlampor i samtliga armaturer (Senare utbytta till LED)<\/li>\n<li>Nya kranar i pentryt<\/li>\n<li>Ny sparyhood<\/li>\n<li>Ny instrumentkonsoll integrerad i ruffluckan. B\u00f6jlimmad mahogny<\/li>\n<li>M\u00e5lat vattenlinjen<\/li>\n<li>Hajfenor och mant\u00e5gsband<\/li>\n<li>Elektrolux-ventil med fl\u00e4kt i f\u00f6rpik<\/li>\n<li>Batterim\u00e4tare Battmeter med shunt<\/li>\n<li>Temperaturm\u00e4tare till motorn<\/li>\n<\/ul>\n<h2>2001<\/h2>\n<ul>\n<li>Skotskenor till 106%-focken p\u00e5 rufftaket med nya travare (Vart aldrig anv\u00e4nda. Begagnad fock passade inte)<\/li>\n<li>Renskrapat botten, slipat och ett lager Gelshield 200<\/li>\n<li>Nya Silva Nexus Wind-Logg-Multi med givare<\/li>\n<li>Nya avlastare p\u00e5 rufftak<\/li>\n<li>Ny v\u00e4rmare Ebersp\u00e4cher D3W vattenburen (Senare bytt till luftburen)<\/li>\n<li>Ny Stor sandwichmylar biradial<\/li>\n<li>Ny kyl + kylaggregat ISOTherm ASU<\/li>\n<li>Gasfj\u00e4der i kickst\u00e5ngen<\/li>\n<li>Fernissad inredning, matt (tidigare oljad)<\/li>\n<li>Element f\u00f6r vattenburen v\u00e4rme med teakramar<\/li>\n<li>Autopilot Autohelm 2000+ (Senare utbytt till SPX5+)<\/li>\n<li>Ankarolina 56m (Senare utbytt till &#8221;riktig&#8221; tamp med vinda)<\/li>\n<li>Hella Power laddregulator<\/li>\n<\/ul>\n","protected":false},"excerpt":{"rendered":"<p>H\u00e4r \u00e4r en lista \u00f6ver alla f\u00f6rb\u00e4ttringar\/f\u00f6r\u00e4ndringar som gjorts under de \u00e5r som jag \u00e4gt b\u00e5ten 2015 Ny stereo Fusion RA50 Ny motor med drev. Lombardini LDW1003 med en del tillbeh\u00f6r Ny propeller Flexofold 15&#215;10 Byte av Nexus-instrument Vind &amp; <a class=\"more-link\" href=\"https:\/\/blogg.synology.me\/cavella\/uppdateringar-och-forbattringar\/\">Forts\u00e4tt l\u00e4sa <span class=\"screen-reader-text\">  Uppdateringar och f\u00f6rb\u00e4ttringar<\/span><span class=\"meta-nav\">&rarr;<\/span><\/a><\/p>\n","protected":false},"author":1,"featured_media":0,"parent":0,"menu_order":0,"comment_status":"closed","ping_status":"closed","template":"","meta":{"footnotes":""},"class_list":["post-2901","page","type-page","status-publish","hentry"],"_links":{"self":[{"href":"https:\/\/blogg.synology.me\/cavella\/wp-json\/wp\/v2\/pages\/2901","targetHints":{"allow":["GET"]}}],"collection":[{"href":"https:\/\/blogg.synology.me\/cavella\/wp-json\/wp\/v2\/pages"}],"about":[{"href":"https:\/\/blogg.synology.me\/cavella\/wp-json\/wp\/v2\/types\/page"}],"author":[{"embeddable":true,"href":"https:\/\/blogg.synology.me\/cavella\/wp-json\/wp\/v2\/users\/1"}],"replies":[{"embeddable":true,"href":"https:\/\/blogg.synology.me\/cavella\/wp-json\/wp\/v2\/comments?post=2901"}],"version-history":[{"count":14,"href":"https:\/\/blogg.synology.me\/cavella\/wp-json\/wp\/v2\/pages\/2901\/revisions"}],"predecessor-version":[{"id":6507,"href":"https:\/\/blogg.synology.me\/cavella\/wp-json\/wp\/v2\/pages\/2901\/revisions\/6507"}],"wp:attachment":[{"href":"https:\/\/blogg.synology.me\/cavella\/wp-json\/wp\/v2\/media?parent=2901"}],"curies":[{"name":"wp","href":"https:\/\/api.w.org\/{rel}","templated":true}]}}