{"id":2915,"date":"2012-06-12T23:15:04","date_gmt":"2012-06-12T21:15:04","guid":{"rendered":"http:\/\/cavellarb111.wordpress.com\/?page_id=2915"},"modified":"2025-02-12T14:28:03","modified_gmt":"2025-02-12T13:28:03","slug":"dynor","status":"publish","type":"page","link":"https:\/\/blogg.synology.me\/cavella\/dynor\/","title":{"rendered":"Dynor"},"content":{"rendered":"<p>Efter 20 \u00e5r var det dags att byta dynor och tyg. Efter lite reserch p\u00e5 m\u00e4ssor s\u00e5 hade jag en bra uppfattning om priset.<\/p>\n<p>Ett f\u00f6retag som jag fick bra kontakt med var Flatmo. De erbjuder f\u00f6rutom att tillverka kompletta dynor \u00e4ven att leverera material<br \/>\nDet fanns en del pengar att spara p\u00e5 att sy sj\u00e4lv.<br \/>\nEfter lite resonerande med Inge s\u00e5 kom vi fram till f\u00f6ljande l\u00f6sning:<br \/>\nJag skulle sj\u00e4lv malla p\u00e5 styvt papper och sedan skulle Flatmo sk\u00e4ra till allt skumgummi, leverera det tillsammans med material.<br \/>\nTyg, baksidetyg, kl\u00e4dda knappar och blixtl\u00e5s.<br \/>\nN\u00e4r man mallar sj\u00e4lv s\u00e5 f\u00e5r man sj\u00e4lv st\u00e5 f\u00f6r eventuella misstag om det inte passar. Den risken fick jag ta.<\/p>\n<p>Jag skaffade riktigt tjock t\u00e4ckpapper. Dynorna skulle bli 10cm tjocka. De gamla var 7,5cm. D\u00e4rf\u00f6r g\u00f6r man ocks\u00e5 en kloss som \u00e4r 10cm.<br \/>\nMed den skall man m\u00e4ta offset i \u00f6verkant d\u00e4r skrovet lutar. Man st\u00e4ller klossen med underkant mot basinrede-skrovsida och m\u00e4ter avst\u00e5ndet fr\u00e5n kloss till skrovsida i \u00f6verkant.<br \/>\nDetta m\u00e5tt skriver man p\u00e5 mallen med j\u00e4mna mellanrum.<\/p>\n<p>N\u00e4r allt var levererat (f\u00f6r \u00f6vrigt hem till d\u00f6rren) var det bara att ta fram symaskin och sax. Min d\u00e5varande flickv\u00e4n tyckte det var vansinnigt att b\u00f6rja klippa i tyg f\u00f6r \u00f6ver 7.000:-<\/p>\n<p>Tyget \u00e4r Marks Pelle V\u00e4vare.<\/p>\n<p>N\u00e5gon har sagt, &#8211; att kan man snickra s\u00e5 kan man sy. Bara att vara noga med m\u00e5tt och tillsk\u00e4rning och sedan sy med exakt en centimeters s\u00f6msm\u00e5m \u00f6verallt.<\/p>\n<p>K\u00f6ksgolvet fick duga som m\u00e5ttplats.<br \/>\n<a href=\"https:\/\/blogg.synology.me\/cavella\/wp-content\/uploads\/2024\/07\/DSCN1141-scaled-e1721846372360.jpeg\"><img loading=\"lazy\" decoding=\"async\" class=\"alignnone size-large wp-image-6456\" src=\"https:\/\/blogg.synology.me\/cavella\/wp-content\/uploads\/2024\/07\/DSCN1141-768x1024.jpeg\" alt=\"\" width=\"530\" height=\"707\"><\/a><\/p>\n<p>Allt tyg skars till med en centimeters till\u00e4gg. Sidobitarna klipptes som remsor 12 cm breda. 10 cm dyna + 2 cm. Det var enkelt.<\/p>\n<p><strong><a href=\"https:\/\/blogg.synology.me\/cavella\/wp-content\/uploads\/2024\/07\/DSCN1200-scaled-e1721846536485.jpeg\"><img loading=\"lazy\" decoding=\"async\" class=\"alignnone size-large wp-image-6457\" src=\"https:\/\/blogg.synology.me\/cavella\/wp-content\/uploads\/2024\/07\/DSCN1200-1024x768.jpeg\" alt=\"\" width=\"530\" height=\"398\"><\/a><\/strong><\/p>\n<p>Undertyget fick ett blixtl\u00e5s utefter ena kanten f\u00f6r att f\u00e5 i sj\u00e4lva dynan. Sedan var det bara <span style=\"font-size: 15px;\">att sy ut-och- in. Med exakt 1 cm s\u00f6msm\u00e5m.<\/span><\/p>\n<p>Det f\u00e4rdiga resultatet med knappar och lite vadd under tyget.<\/p>\n<p><a href=\"https:\/\/blogg.synology.me\/cavella\/wp-content\/uploads\/2024\/07\/DSCN1221-scaled-e1721846640192.jpeg\"><img loading=\"lazy\" decoding=\"async\" class=\"alignnone size-large wp-image-6458\" src=\"https:\/\/blogg.synology.me\/cavella\/wp-content\/uploads\/2024\/07\/DSCN1221-1024x768.jpeg\" alt=\"\" width=\"530\" height=\"398\"><\/a><\/p>\n","protected":false},"excerpt":{"rendered":"<p>Efter 20 \u00e5r var det dags att byta dynor och tyg. Efter lite reserch p\u00e5 m\u00e4ssor s\u00e5 hade jag en bra uppfattning om priset. Ett f\u00f6retag som jag fick bra kontakt med var Flatmo. De erbjuder f\u00f6rutom att tillverka kompletta <a class=\"more-link\" href=\"https:\/\/blogg.synology.me\/cavella\/dynor\/\">Forts\u00e4tt l\u00e4sa <span class=\"screen-reader-text\">  Dynor<\/span><span class=\"meta-nav\">&rarr;<\/span><\/a><\/p>\n","protected":false},"author":1,"featured_media":0,"parent":0,"menu_order":0,"comment_status":"closed","ping_status":"closed","template":"","meta":{"footnotes":""},"class_list":["post-2915","page","type-page","status-publish","hentry"],"_links":{"self":[{"href":"https:\/\/blogg.synology.me\/cavella\/wp-json\/wp\/v2\/pages\/2915","targetHints":{"allow":["GET"]}}],"collection":[{"href":"https:\/\/blogg.synology.me\/cavella\/wp-json\/wp\/v2\/pages"}],"about":[{"href":"https:\/\/blogg.synology.me\/cavella\/wp-json\/wp\/v2\/types\/page"}],"author":[{"embeddable":true,"href":"https:\/\/blogg.synology.me\/cavella\/wp-json\/wp\/v2\/users\/1"}],"replies":[{"embeddable":true,"href":"https:\/\/blogg.synology.me\/cavella\/wp-json\/wp\/v2\/comments?post=2915"}],"version-history":[{"count":2,"href":"https:\/\/blogg.synology.me\/cavella\/wp-json\/wp\/v2\/pages\/2915\/revisions"}],"predecessor-version":[{"id":6508,"href":"https:\/\/blogg.synology.me\/cavella\/wp-json\/wp\/v2\/pages\/2915\/revisions\/6508"}],"wp:attachment":[{"href":"https:\/\/blogg.synology.me\/cavella\/wp-json\/wp\/v2\/media?parent=2915"}],"curies":[{"name":"wp","href":"https:\/\/api.w.org\/{rel}","templated":true}]}}