{"id":3558,"date":"2012-05-13T15:45:33","date_gmt":"2012-05-13T13:45:33","guid":{"rendered":"https:\/\/cavellarb111.wordpress.com\/?page_id=3558"},"modified":"2012-05-13T15:45:33","modified_gmt":"2012-05-13T13:45:33","slug":"batdata","status":"publish","type":"page","link":"https:\/\/blogg.synology.me\/cavella\/batdata\/","title":{"rendered":"B\u00e5tdata"},"content":{"rendered":"<h6 style=\"text-align:right;\">Reviderad 2013-03-24<\/h6>\n<h4><span style=\"text-decoration:underline;\"><a href=\"https:\/\/blogg.synology.me\/cavella\/wp-content\/uploads\/2021\/10\/srs-rb-111.pdf\" target=\"_blank\" rel=\"noopener\">B\u00e5tdatablad SRS<\/a><\/span><\/h4>\n<table border=\"0\" width=\"453\">\n<tbody>\n<tr>\n<td><\/td>\n<td>\n<h4>Allm\u00e4nt<\/h4>\n<\/td>\n<td><\/td>\n<\/tr>\n<tr>\n<td width=\"10\"><\/td>\n<td width=\"190\">B\u00e5ttyp<\/td>\n<td width=\"239\">RB111<\/td>\n<\/tr>\n<tr>\n<td><\/td>\n<td>Tillverkare<\/td>\n<td>Rivalb\u00e5tar AB S\u00f6dert\u00e4lje<\/td>\n<\/tr>\n<tr>\n<td><\/td>\n<td>Konstrukt\u00f6r<\/td>\n<td>Roland Bergstr\u00f6m<\/td>\n<\/tr>\n<tr>\n<td><\/td>\n<td>Tillverknings\u00e5r<\/td>\n<td>1986 (1983-2002)<\/td>\n<\/tr>\n<tr>\n<td><\/td>\n<td>Numer<\/td>\n<td>SWE 24<\/td>\n<\/tr>\n<tr>\n<td><\/td>\n<td>Lystal \/ SRS<\/td>\n<td>1.20 \/ 1,195 1,160<\/td>\n<\/tr>\n<tr>\n<td><\/td>\n<td><\/td>\n<td><\/td>\n<\/tr>\n<tr>\n<td><\/td>\n<td>\n<h4><strong>M\u00e5tt &amp; Vikt<\/strong><\/h4>\n<\/td>\n<td><\/td>\n<\/tr>\n<tr>\n<td><\/td>\n<td>L\u00e4ngd<\/td>\n<td>11,10<\/td>\n<\/tr>\n<tr>\n<td><\/td>\n<td>L\u00e4ngd i vl<\/td>\n<td>9,40<\/td>\n<\/tr>\n<tr>\n<td><\/td>\n<td>Bredd<\/td>\n<td>2,70<\/td>\n<\/tr>\n<tr>\n<td><\/td>\n<td>Djupg\u00e5ende<\/td>\n<td>1.75<\/td>\n<\/tr>\n<tr>\n<td><\/td>\n<td>Depl<\/td>\n<td>5,2<\/td>\n<\/tr>\n<tr>\n<td><\/td>\n<td>K\u00f6lvikt<\/td>\n<td>2.3 ton bly<\/td>\n<\/tr>\n<tr>\n<td><\/td>\n<td><\/td>\n<td><\/td>\n<\/tr>\n<tr>\n<td><\/td>\n<td>\n<h4><strong>Motor<\/strong><\/h4>\n<\/td>\n<td><\/td>\n<\/tr>\n<tr>\n<td><\/td>\n<td>Motor<\/td>\n<td>Lombardini LDW 1003 (2015)<\/td>\n<\/tr>\n<tr>\n<td><\/td>\n<td>Alternativt<\/td>\n<td>Yanmar 2GM 16\/18 hk, 3GM 27hk , Volvo<\/td>\n<\/tr>\n<tr>\n<td><\/td>\n<td><\/td>\n<td><\/td>\n<\/tr>\n<tr>\n<td><\/td>\n<td>\n<h4><strong>Rigg<\/strong><\/h4>\n<\/td>\n<td><\/td>\n<\/tr>\n<tr>\n<td><\/td>\n<td>Selden, Isomat<\/td>\n<td>Partialrigg. 7\/8- del. Mast st\u00e5ende p\u00e5 d\u00e4ck. Ett par bak\u00e5tsvepta spridare.<\/td>\n<\/tr>\n<tr>\n<td><\/td>\n<td>Alternativt<\/td>\n<td>Partialrigg med tv\u00e5 par raka spridare och backstag<\/td>\n<\/tr>\n<tr>\n<td><\/td>\n<td><\/td>\n<td><\/td>\n<\/tr>\n<tr>\n<td height=\"35\"><\/td>\n<td>\n<h4><strong>Segel<\/strong><\/h4>\n<\/td>\n<td><\/td>\n<\/tr>\n<tr>\n<td><\/td>\n<td>Stor<\/td>\n<td>30.0 m2<\/td>\n<\/tr>\n<tr>\n<td><\/td>\n<td>F\u00f6rlik P<\/td>\n<td>13,0 m<\/td>\n<\/tr>\n<tr>\n<td><\/td>\n<td>Bomlik E<\/td>\n<td>4,1 m<\/td>\n<\/tr>\n<tr>\n<td><\/td>\n<td><\/td>\n<td><\/td>\n<\/tr>\n<tr>\n<td><\/td>\n<td>Genua<\/td>\n<td>33.0 m2<\/td>\n<\/tr>\n<tr>\n<td><\/td>\n<td>F\u00f6rlik T<\/td>\n<td>12,5 m<\/td>\n<\/tr>\n<tr>\n<td><\/td>\n<td>LP<\/td>\n<td>5,2 m<\/td>\n<\/tr>\n<tr>\n<td><\/td>\n<td>J<\/td>\n<td>3,7 m<\/td>\n<\/tr>\n<tr>\n<td><\/td>\n<td><\/td>\n<td><\/td>\n<\/tr>\n<tr>\n<td><\/td>\n<td>Fock 106%<\/td>\n<td>23.5 m2<\/td>\n<\/tr>\n<tr>\n<td><\/td>\n<td>F\u00f6rlik T<\/td>\n<td>12,5 m<\/td>\n<\/tr>\n<tr>\n<td><\/td>\n<td>LP<\/td>\n<td>3,95m<\/td>\n<\/tr>\n<tr>\n<td><\/td>\n<td>J<\/td>\n<td>3,7 m<\/td>\n<\/tr>\n<tr>\n<td><\/td>\n<td><\/td>\n<td><\/td>\n<\/tr>\n<tr>\n<td><\/td>\n<td>Fock ST<\/td>\n<td>21 m2<\/td>\n<\/tr>\n<tr>\n<td><\/td>\n<td>F\u00f6rlik T<\/td>\n<td>12,5 m<\/td>\n<\/tr>\n<tr>\n<td><\/td>\n<td>LP<\/td>\n<td>3,25m<\/td>\n<\/tr>\n<tr>\n<td><\/td>\n<td>J<\/td>\n<td>3,7 m<\/td>\n<\/tr>\n<tr>\n<td><\/td>\n<td><\/td>\n<td><\/td>\n<\/tr>\n<tr>\n<td><\/td>\n<td>Spin<\/td>\n<td>76.0 m2<\/td>\n<\/tr>\n<tr>\n<td><\/td>\n<td>SL<\/td>\n<td>12,1 m<\/td>\n<\/tr>\n<tr>\n<td><\/td>\n<td>SBR (max \u00bd-bredd)<\/td>\n<td>7,45 m<\/td>\n<\/tr>\n<tr>\n<td><\/td>\n<td>SPL<\/td>\n<td>3,7m<\/td>\n<\/tr>\n<tr>\n<td><\/td>\n<td><\/td>\n<td><\/td>\n<\/tr>\n<tr>\n<td><\/td>\n<td>\n<h4>Tankar<\/h4>\n<\/td>\n<td><\/td>\n<\/tr>\n<tr>\n<td><\/td>\n<td>Vattentank<\/td>\n<td>70 l (+50l 2014)<\/td>\n<\/tr>\n<tr>\n<td><\/td>\n<td>Br\u00e4nsletank<\/td>\n<td>40l<\/td>\n<\/tr>\n<tr>\n<td><\/td>\n<td>Septiktank<\/td>\n<td>55l<\/td>\n<\/tr>\n<tr>\n<td><\/td>\n<td><\/td>\n<td><\/td>\n<\/tr>\n<tr>\n<td><\/td>\n<td>\n<h4>Innerm\u00e5tt<\/h4>\n<\/td>\n<td><\/td>\n<\/tr>\n<tr>\n<td><\/td>\n<td>St\u00e5h\u00f6jd<\/td>\n<td>1.82<\/td>\n<\/tr>\n<tr>\n<td><\/td>\n<td><\/td>\n<td><\/td>\n<\/tr>\n<tr>\n<td><\/td>\n<td>\n<h4>\u00d6vrigt<\/h4>\n<\/td>\n<td><\/td>\n<\/tr>\n<tr>\n<td><\/td>\n<td>Antal kojer<\/td>\n<td>6<\/td>\n<\/tr>\n<tr>\n<td><\/td>\n<td><\/td>\n<td><\/td>\n<\/tr>\n<tr>\n<td><\/td>\n<td><\/td>\n<td><\/td>\n<\/tr>\n<\/tbody>\n<\/table>\n<h3><\/h3>\n","protected":false},"excerpt":{"rendered":"<p>Reviderad 2013-03-24 B\u00e5tdatablad SRS Allm\u00e4nt B\u00e5ttyp RB111 Tillverkare Rivalb\u00e5tar AB S\u00f6dert\u00e4lje Konstrukt\u00f6r Roland Bergstr\u00f6m Tillverknings\u00e5r 1986 (1983-2002) Numer SWE 24 Lystal \/ SRS 1.20 \/ 1,195 1,160 M\u00e5tt &amp; Vikt L\u00e4ngd 11,10 L\u00e4ngd i vl 9,40 Bredd 2,70 Djupg\u00e5ende 1.75 <a class=\"more-link\" href=\"https:\/\/blogg.synology.me\/cavella\/batdata\/\">Forts\u00e4tt l\u00e4sa <span class=\"screen-reader-text\">  B\u00e5tdata<\/span><span class=\"meta-nav\">&rarr;<\/span><\/a><\/p>\n","protected":false},"author":1,"featured_media":0,"parent":0,"menu_order":0,"comment_status":"closed","ping_status":"closed","template":"","meta":{"footnotes":""},"class_list":["post-3558","page","type-page","status-publish","hentry"],"_links":{"self":[{"href":"https:\/\/blogg.synology.me\/cavella\/wp-json\/wp\/v2\/pages\/3558","targetHints":{"allow":["GET"]}}],"collection":[{"href":"https:\/\/blogg.synology.me\/cavella\/wp-json\/wp\/v2\/pages"}],"about":[{"href":"https:\/\/blogg.synology.me\/cavella\/wp-json\/wp\/v2\/types\/page"}],"author":[{"embeddable":true,"href":"https:\/\/blogg.synology.me\/cavella\/wp-json\/wp\/v2\/users\/1"}],"replies":[{"embeddable":true,"href":"https:\/\/blogg.synology.me\/cavella\/wp-json\/wp\/v2\/comments?post=3558"}],"version-history":[{"count":0,"href":"https:\/\/blogg.synology.me\/cavella\/wp-json\/wp\/v2\/pages\/3558\/revisions"}],"wp:attachment":[{"href":"https:\/\/blogg.synology.me\/cavella\/wp-json\/wp\/v2\/media?parent=3558"}],"curies":[{"name":"wp","href":"https:\/\/api.w.org\/{rel}","templated":true}]}}